{"id":9281,"date":"2026-01-16T18:22:12","date_gmt":"2026-01-16T17:22:12","guid":{"rendered":"https:\/\/www.gossalba.com\/producte\/pack-12-botelles-250-ml-de-km-0-do-mallorca\/"},"modified":"2026-01-16T19:52:53","modified_gmt":"2026-01-16T18:52:53","slug":"pack-12-botellas-250-ml-de-km-0-do-mallorca","status":"publish","type":"product","link":"https:\/\/www.gossalba.com\/es\/producte\/pack-12-botellas-250-ml-de-km-0-do-mallorca\/","title":{"rendered":"Pack 12 botellas 250 ml. Aceite de oliva virgen extra y de KM 0, DO Aceite de Mallorca"},"content":{"rendered":"<p>Pack 12 botellas 250 ml. Aceite de oliva virgen extra y de KM 0, DO Aceite de Mallorca, obtenido del fruto de Olea Europea L., de las variedades arbequina, picual y mallorquina, mediante procedimientos f\u00edsicos.<\/p>\n<h2>OPCIONES EN MENOR CANTIDAD<\/h2>\n<p>Para opciones m\u00e1s peque\u00f1as se puede comprar la garrafa de 2 litros en los supermercados de Sant Joan o recogi\u00e9ndola en el agroturismo previa cita en el tel\u00e9fono 669022082 (en este caso se paga al recoger el pedido).<\/p>\n","protected":false},"excerpt":{"rendered":"<div style=\"text-align: left;\"><strong style=\"color: red; text-transform: uppercase;\"><a href=\"https:\/\/www.gossalba.com\/es\/producte\/pack-12-botellas-250-ml-de-km-0-do-mallorca\/#tab-description\">OPCIONES EN MENOR CANTITAD<\/a><\/strong><\/div>\n<p>(11\u20ac unitat)<\/p>\n","protected":false},"featured_media":9301,"template":"","meta":[],"product_brand":[],"product_cat":[69],"product_tag":[],"class_list":{"0":"post-9281","1":"product","2":"type-product","3":"status-publish","4":"has-post-thumbnail","6":"product_cat-aceite","8":"first","9":"instock","10":"shipping-taxable","11":"purchasable","12":"product-type-simple"},"_links":{"self":[{"href":"https:\/\/www.gossalba.com\/es\/wp-json\/wp\/v2\/product\/9281","targetHints":{"allow":["GET"]}}],"collection":[{"href":"https:\/\/www.gossalba.com\/es\/wp-json\/wp\/v2\/product"}],"about":[{"href":"https:\/\/www.gossalba.com\/es\/wp-json\/wp\/v2\/types\/product"}],"wp:featuredmedia":[{"embeddable":true,"href":"https:\/\/www.gossalba.com\/es\/wp-json\/wp\/v2\/media\/9301"}],"wp:attachment":[{"href":"https:\/\/www.gossalba.com\/es\/wp-json\/wp\/v2\/media?parent=9281"}],"wp:term":[{"taxonomy":"product_brand","embeddable":true,"href":"https:\/\/www.gossalba.com\/es\/wp-json\/wp\/v2\/product_brand?post=9281"},{"taxonomy":"product_cat","embeddable":true,"href":"https:\/\/www.gossalba.com\/es\/wp-json\/wp\/v2\/product_cat?post=9281"},{"taxonomy":"product_tag","embeddable":true,"href":"https:\/\/www.gossalba.com\/es\/wp-json\/wp\/v2\/product_tag?post=9281"}],"curies":[{"name":"wp","href":"https:\/\/api.w.org\/{rel}","templated":true}]}}