{"id":8718,"date":"2022-05-29T17:53:46","date_gmt":"2022-05-29T16:53:46","guid":{"rendered":"https:\/\/www.gossalba.com\/producte\/pack-6-garrafes-2000-ml-ecologic-i-de-km-0-do-mallorca\/"},"modified":"2026-01-16T19:54:01","modified_gmt":"2026-01-16T18:54:01","slug":"pack-4-garrafas-2000-ml-aceite-de-oliva-virgen-extra-y-de-km-0-do-aceite-de-mallorca","status":"publish","type":"product","link":"https:\/\/www.gossalba.com\/es\/producte\/pack-4-garrafas-2000-ml-aceite-de-oliva-virgen-extra-y-de-km-0-do-aceite-de-mallorca\/","title":{"rendered":"Pack 4 garrafas 2000 ml. Aceite de oliva virgen extra y de KM 0, DO Aceite de Mallorca"},"content":{"rendered":"<p>Pack 4 garrafas 2000 ml. Aceite de oliva virgen extra y de KM 0, DO Aceite de Mallorca, obtenido del fruto Olea Europea L., de las variedades arbequina, picual y mallorquina, por procedimientos f\u00edsicos.<\/p>\n<h2>OPCIONES EN MENOR CANTIDAD<\/h2>\n<p>Para opciones m\u00e1s peque\u00f1as se puede comprar la garrafa de 2 litros en los supermercados de Sant Joan o recogi\u00e9ndola en el agroturismo previa cita en el tel\u00e9fono 669022082 (en este caso se paga al recoger el pedido).<\/p>\n","protected":false},"excerpt":{"rendered":"<div style=\"text-align:left\"><strong style=\"color:red;text-transform:uppercase;\"><a href=\"https:\/\/www.gossalba.com\/es\/producte\/pack-6-garrafas-2000-ml-ecologico-y-de-km-0-do-mallorca\/#tab-description\">OPCIONES EN MENOR CANTIDAD<\/a><\/strong><\/div>\n<p>(25,00\u20ac unidad)<\/p>\n","protected":false},"featured_media":9307,"template":"","meta":[],"product_brand":[],"product_cat":[69],"product_tag":[],"class_list":{"0":"post-8718","1":"product","2":"type-product","3":"status-publish","4":"has-post-thumbnail","6":"product_cat-aceite","8":"first","9":"instock","10":"shipping-taxable","11":"purchasable","12":"product-type-simple"},"_links":{"self":[{"href":"https:\/\/www.gossalba.com\/es\/wp-json\/wp\/v2\/product\/8718","targetHints":{"allow":["GET"]}}],"collection":[{"href":"https:\/\/www.gossalba.com\/es\/wp-json\/wp\/v2\/product"}],"about":[{"href":"https:\/\/www.gossalba.com\/es\/wp-json\/wp\/v2\/types\/product"}],"wp:featuredmedia":[{"embeddable":true,"href":"https:\/\/www.gossalba.com\/es\/wp-json\/wp\/v2\/media\/9307"}],"wp:attachment":[{"href":"https:\/\/www.gossalba.com\/es\/wp-json\/wp\/v2\/media?parent=8718"}],"wp:term":[{"taxonomy":"product_brand","embeddable":true,"href":"https:\/\/www.gossalba.com\/es\/wp-json\/wp\/v2\/product_brand?post=8718"},{"taxonomy":"product_cat","embeddable":true,"href":"https:\/\/www.gossalba.com\/es\/wp-json\/wp\/v2\/product_cat?post=8718"},{"taxonomy":"product_tag","embeddable":true,"href":"https:\/\/www.gossalba.com\/es\/wp-json\/wp\/v2\/product_tag?post=8718"}],"curies":[{"name":"wp","href":"https:\/\/api.w.org\/{rel}","templated":true}]}}