{"id":8735,"date":"2022-06-09T13:15:00","date_gmt":"2022-06-09T12:15:00","guid":{"rendered":"https:\/\/www.gossalba.com\/olivar\/"},"modified":"2022-06-20T15:38:25","modified_gmt":"2022-06-20T14:38:25","slug":"el-olivar","status":"publish","type":"page","link":"https:\/\/www.gossalba.com\/es\/el-olivar\/","title":{"rendered":"El olivar"},"content":{"rendered":"<section class=\"l-section wpb_row height_medium\"><div class=\"l-section-h i-cf\"><div class=\"g-cols vc_row via_grid cols_1 laptops-cols_inherit tablets-cols_inherit mobiles-cols_1 valign_top type_default stacking_default\"><div class=\"wpb_column vc_column_container\"><div class=\"vc_column-inner\"><div class=\"wpb_text_column\"><div class=\"wpb_wrapper\"><h1>El olivar<\/h1>\n<\/div><\/div><div class=\"g-cols wpb_row via_grid cols_2 laptops-cols_inherit tablets-cols_inherit mobiles-cols_1 valign_top type_default stacking_default\" style=\"--columns-gap:3rem;\"><div class=\"wpb_column vc_column_container\"><div class=\"vc_column-inner\"><div class=\"wpb_text_column\"><div class=\"wpb_wrapper\"><p>Acabando la primavera de 2015 se replantearon las 14 cuarteradas (10 Ha ) de terreno para sembrar olivos, en un marco de separaci\u00f3n que se encontr\u00f3 adecuado fuera de 8 x 6 metros. Esto es un espacio muy amplio para los \u00e1rboles porque la previsi\u00f3n de futuro, aunque en un principio se instal\u00f3 un sistema de riego por goteo, es que los \u00e1rboles no fueran regados salvo en casos de sequ\u00eda extrema.<\/p>\n<p>Tuvimos que hacernos con dos mil tutores de madera para sostener los diminutos brotes de olivo (no med\u00edan m\u00e1s de un palmo) que sembramos despu\u00e9s de haber subsolado todo el terreno. Y con dos mil protectores porque detectamos la presencia de liebres en la zona. Bernat Piz\u00e0 Trias dirigi\u00f3 el proyecto.<\/p>\n<p>Para que el aceite tuviera las propiedades que deseamos y despu\u00e9s de m\u00e1s de 25 a\u00f1os de experiencia cultivando olivos en la Sierra de Tramuntana, en el t\u00e9rmino de Andratx, decidimos sembrar en estos cien mil metros s\u00f3lo variedades permitidas por la denominaci\u00f3n de origen \u201cOli de Mallorca\u201d y en esta proporci\u00f3n: mil cuatrocientas Arbequinas, trescientas Piqual y trescientas Empeltre, y dejamos para dos cuarteradas que restan en Binifarda, vecina de Gossalba, la incorporaci\u00f3n de las variedades Frantoio y Koroneiki.<\/p>\n<p>La primera cosecha se llev\u00f3 a cabo durante el oto\u00f1o de 2018 y hasta ahora cada a\u00f1o hemos obtenido una excelente producci\u00f3n de aceitunas ecol\u00f3gicas, libres de herbicidas, insecticidas y pesticidas, contando con el asesoramiento de APAEMA, la Asociaci\u00f3n de la Producci\u00f3n Agraria Ecol\u00f3gica de Mallorca.<\/p>\n<\/div><\/div><\/div><\/div><div class=\"wpb_column vc_column_container\"><div class=\"vc_column-inner\"><div class=\"w-grid us_grid oliveres type_grid layout_gallery_with_titles_below cols_3 preload_style_spinner\" id=\"us_grid_1\" style=\"--columns:3;--gap:4px;\" data-filterable=\"true\"><style>@media (max-width:479px){#us_grid_1{--columns:2!important}}.layout_gallery_with_titles_below .w-grid-item-h{}.layout_gallery_with_titles_below .usg_vwrapper_1{padding:0.5rem 1rem 1rem 1rem!important}.layout_gallery_with_titles_below .usg_post_title_1{font-size:0.8rem!important;line-height:1.6!important;margin-bottom:0!important}.layout_gallery_with_titles_below .usg_post_custom_field_1{font-size:0.8rem!important;line-height:1.6!important;margin-bottom:0!important}.layout_gallery_with_titles_below .usg_post_content_1{font-size:0.8rem!important;line-height:1.6!important;margin-bottom:0!important}.layout_gallery_with_titles_below .usg_post_content_2{color:var(--color-content-faded)!important;font-size:0.8rem!important;line-height:1.6!important;margin-top:0.2rem!important;margin-bottom:0.2rem!important}<\/style><div class=\"w-grid-list\">\t<article class=\"w-grid-item size_1x1 post-6971 attachment type-attachment status-inherit hentry\" data-id=\"6971\">\r\n\t\t<div class=\"w-grid-item-h\">\r\n\t\t\t\t\t\t\t<a ref=\"magnificPopupGrid\" href=\"https:\/\/www.gossalba.com\/wp-content\/uploads\/2018\/05\/sembrar-oliveres-estaques.jpg\" class=\"w-grid-item-anchor\" aria-label=\"Primero las estacas\"><\/a>\r\n\t\t\t\t\t\t<div class=\"w-post-elm post_image usg_post_image_1 has_ratio\"><img loading=\"lazy\" decoding=\"async\" width=\"338\" height=\"600\" src=\"https:\/\/www.gossalba.com\/wp-content\/uploads\/2018\/05\/sembrar-oliveres-estaques-600x1066.jpg\" class=\"attachment-us_600_600_crop size-us_600_600_crop\" alt=\"\" \/><div style=\"padding-bottom:100%\"><\/div><\/div><div class=\"w-vwrapper usg_vwrapper_1 align_center valign_top\"><div class=\"w-post-elm post_content usg_post_content_1\"><p>Primero las estacas<\/p>\n<\/div><div class=\"w-post-elm post_title usg_post_title_1 hide_if_not_first entry-title color_link_inherit\">sembrar-oliveres-estaques<\/div><\/div>\t\t<\/div>\r\n\t\t\t<\/article>\r\n\t<article class=\"w-grid-item size_1x1 post-6967 attachment type-attachment status-inherit hentry\" data-id=\"6967\">\r\n\t\t<div class=\"w-grid-item-h\">\r\n\t\t\t\t\t\t\t<a ref=\"magnificPopupGrid\" href=\"https:\/\/www.gossalba.com\/wp-content\/uploads\/2018\/05\/sembrar-oliveres-aixada-i-olivera.jpg\" class=\"w-grid-item-anchor\" aria-label=\"Una azada y un olivo\"><\/a>\r\n\t\t\t\t\t\t<div class=\"w-post-elm post_image usg_post_image_1 has_ratio\"><img loading=\"lazy\" decoding=\"async\" width=\"338\" height=\"600\" src=\"https:\/\/www.gossalba.com\/wp-content\/uploads\/2018\/05\/sembrar-oliveres-aixada-i-olivera-600x1066.jpg\" class=\"attachment-us_600_600_crop size-us_600_600_crop\" alt=\"\" \/><div style=\"padding-bottom:100%\"><\/div><\/div><div class=\"w-vwrapper usg_vwrapper_1 align_center valign_top\"><div class=\"w-post-elm post_content usg_post_content_1\"><p>Una azada y un olivo<\/p>\n<\/div><div class=\"w-post-elm post_title usg_post_title_1 hide_if_not_first entry-title color_link_inherit\">sembrar-oliveres-aixada-i-olivera<\/div><\/div>\t\t<\/div>\r\n\t\t\t<\/article>\r\n\t<article class=\"w-grid-item size_1x1 post-6957 attachment type-attachment status-inherit hentry\" data-id=\"6957\">\r\n\t\t<div class=\"w-grid-item-h\">\r\n\t\t\t\t\t\t\t<a ref=\"magnificPopupGrid\" href=\"https:\/\/www.gossalba.com\/wp-content\/uploads\/2016\/12\/agroturisme-gossalba-sant-joan-olivar-1.jpg\" class=\"w-grid-item-anchor\" aria-label=\"Primera regada\"><\/a>\r\n\t\t\t\t\t\t<div class=\"w-post-elm post_image usg_post_image_1 has_ratio\"><img loading=\"lazy\" decoding=\"async\" width=\"600\" height=\"300\" src=\"https:\/\/www.gossalba.com\/wp-content\/uploads\/2016\/12\/agroturisme-gossalba-sant-joan-olivar-1-600x300.jpg\" class=\"attachment-us_600_600_crop size-us_600_600_crop\" alt=\"\" \/><div style=\"padding-bottom:100%\"><\/div><\/div><div class=\"w-vwrapper usg_vwrapper_1 align_center valign_top\"><div class=\"w-post-elm post_content usg_post_content_1\"><p>Primera regada<\/p>\n<\/div><div class=\"w-post-elm post_title usg_post_title_1 hide_if_not_first entry-title color_link_inherit\">agroturisme-gossalba-sant-joan-olivar-1<\/div><\/div>\t\t<\/div>\r\n\t\t\t<\/article>\r\n\t<article class=\"w-grid-item size_1x1 post-6973 attachment type-attachment status-inherit hentry\" data-id=\"6973\">\r\n\t\t<div class=\"w-grid-item-h\">\r\n\t\t\t\t\t\t\t<a ref=\"magnificPopupGrid\" href=\"https:\/\/www.gossalba.com\/wp-content\/uploads\/2018\/05\/sembrar-oliveres-olivera-ben-regada.jpg\" class=\"w-grid-item-anchor\" aria-label=\"Bien regada\"><\/a>\r\n\t\t\t\t\t\t<div class=\"w-post-elm post_image usg_post_image_1 has_ratio\"><img loading=\"lazy\" decoding=\"async\" width=\"338\" height=\"600\" src=\"https:\/\/www.gossalba.com\/wp-content\/uploads\/2018\/05\/sembrar-oliveres-olivera-ben-regada-600x1066.jpg\" class=\"attachment-us_600_600_crop size-us_600_600_crop\" alt=\"\" \/><div style=\"padding-bottom:100%\"><\/div><\/div><div class=\"w-vwrapper usg_vwrapper_1 align_center valign_top\"><div class=\"w-post-elm post_content usg_post_content_1\"><p>Bien regada<\/p>\n<\/div><div class=\"w-post-elm post_title usg_post_title_1 hide_if_not_first entry-title color_link_inherit\">sembrar-oliveres-olivera-ben-regada<\/div><\/div>\t\t<\/div>\r\n\t\t\t<\/article>\r\n\t<article class=\"w-grid-item size_1x1 post-6969 attachment type-attachment status-inherit hentry\" data-id=\"6969\">\r\n\t\t<div class=\"w-grid-item-h\">\r\n\t\t\t\t\t\t\t<a ref=\"magnificPopupGrid\" href=\"https:\/\/www.gossalba.com\/wp-content\/uploads\/2018\/05\/sembrar-oliveres-dos-punts-de-goteig.jpg\" class=\"w-grid-item-anchor\" aria-label=\"Dos puntos de goteo\"><\/a>\r\n\t\t\t\t\t\t<div class=\"w-post-elm post_image usg_post_image_1 has_ratio\"><img loading=\"lazy\" decoding=\"async\" width=\"600\" height=\"338\" src=\"https:\/\/www.gossalba.com\/wp-content\/uploads\/2018\/05\/sembrar-oliveres-dos-punts-de-goteig-600x338.jpg\" class=\"attachment-us_600_600_crop size-us_600_600_crop\" alt=\"\" \/><div style=\"padding-bottom:100%\"><\/div><\/div><div class=\"w-vwrapper usg_vwrapper_1 align_center valign_top\"><div class=\"w-post-elm post_content usg_post_content_1\"><p>Dos puntos de goteo<\/p>\n<\/div><div class=\"w-post-elm post_title usg_post_title_1 hide_if_not_first entry-title color_link_inherit\">sembrar-oliveres-dos-punts-de-goteig<\/div><\/div>\t\t<\/div>\r\n\t\t\t<\/article>\r\n\t<article class=\"w-grid-item size_1x1 post-6975 attachment type-attachment status-inherit hentry\" data-id=\"6975\">\r\n\t\t<div class=\"w-grid-item-h\">\r\n\t\t\t\t\t\t\t<a ref=\"magnificPopupGrid\" href=\"https:\/\/www.gossalba.com\/wp-content\/uploads\/2018\/05\/sembrar-oliveres-olivera-protector.jpg\" class=\"w-grid-item-anchor\" aria-label=\"Los protectores\"><\/a>\r\n\t\t\t\t\t\t<div class=\"w-post-elm post_image usg_post_image_1 has_ratio\"><img loading=\"lazy\" decoding=\"async\" width=\"338\" height=\"600\" src=\"https:\/\/www.gossalba.com\/wp-content\/uploads\/2018\/05\/sembrar-oliveres-olivera-protector-600x1066.jpg\" class=\"attachment-us_600_600_crop size-us_600_600_crop\" alt=\"\" \/><div style=\"padding-bottom:100%\"><\/div><\/div><div class=\"w-vwrapper usg_vwrapper_1 align_center valign_top\"><div class=\"w-post-elm post_content usg_post_content_1\"><p>Los protectores<\/p>\n<\/div><div class=\"w-post-elm post_title usg_post_title_1 hide_if_not_first entry-title color_link_inherit\">sembrar-oliveres-olivera-protector<\/div><\/div>\t\t<\/div>\r\n\t\t\t<\/article>\r\n\t<article class=\"w-grid-item size_1x1 post-6955 attachment type-attachment status-inherit hentry\" data-id=\"6955\">\r\n\t\t<div class=\"w-grid-item-h\">\r\n\t\t\t\t\t\t\t<a ref=\"magnificPopupGrid\" href=\"https:\/\/www.gossalba.com\/wp-content\/uploads\/2016\/12\/agroturisme-gossalba-sant-joan-olivar-0.jpg\" class=\"w-grid-item-anchor\" aria-label=\"2000 olivos sembrados\"><\/a>\r\n\t\t\t\t\t\t<div class=\"w-post-elm post_image usg_post_image_1 has_ratio\"><img loading=\"lazy\" decoding=\"async\" width=\"600\" height=\"300\" src=\"https:\/\/www.gossalba.com\/wp-content\/uploads\/2016\/12\/agroturisme-gossalba-sant-joan-olivar-0-600x300.jpg\" class=\"attachment-us_600_600_crop size-us_600_600_crop\" alt=\"\" \/><div style=\"padding-bottom:100%\"><\/div><\/div><div class=\"w-vwrapper usg_vwrapper_1 align_center valign_top\"><div class=\"w-post-elm post_content usg_post_content_1\"><p>2000 olivos sembrados<\/p>\n<\/div><div class=\"w-post-elm post_title usg_post_title_1 hide_if_not_first entry-title color_link_inherit\">agroturisme-gossalba-sant-joan-olivar-0<\/div><\/div>\t\t<\/div>\r\n\t\t\t<\/article>\r\n\t<article class=\"w-grid-item size_1x1 post-6959 attachment type-attachment status-inherit hentry\" data-id=\"6959\">\r\n\t\t<div class=\"w-grid-item-h\">\r\n\t\t\t\t\t\t\t<a ref=\"magnificPopupGrid\" href=\"https:\/\/www.gossalba.com\/wp-content\/uploads\/2016\/12\/agroturisme-gossalba-sant-joan-olivar-4.jpg\" class=\"w-grid-item-anchor\" aria-label=\"A los 12 meses\"><\/a>\r\n\t\t\t\t\t\t<div class=\"w-post-elm post_image usg_post_image_1 has_ratio\"><img loading=\"lazy\" decoding=\"async\" width=\"600\" height=\"300\" src=\"https:\/\/www.gossalba.com\/wp-content\/uploads\/2016\/12\/agroturisme-gossalba-sant-joan-olivar-4-600x300.jpg\" class=\"attachment-us_600_600_crop size-us_600_600_crop\" alt=\"\" \/><div style=\"padding-bottom:100%\"><\/div><\/div><div class=\"w-vwrapper usg_vwrapper_1 align_center valign_top\"><div class=\"w-post-elm post_content usg_post_content_1\"><p>A los 12 meses<\/p>\n<\/div><div class=\"w-post-elm post_title usg_post_title_1 hide_if_not_first entry-title color_link_inherit\">agroturisme-gossalba-sant-joan-olivar-4<\/div><\/div>\t\t<\/div>\r\n\t\t\t<\/article>\r\n\t<article class=\"w-grid-item size_1x1 post-6951 attachment type-attachment status-inherit hentry\" data-id=\"6951\">\r\n\t\t<div class=\"w-grid-item-h\">\r\n\t\t\t\t\t\t\t<a ref=\"magnificPopupGrid\" href=\"https:\/\/www.gossalba.com\/wp-content\/uploads\/2016\/12\/agroturisme-gossalba-mallorca-reforma-3.jpg\" class=\"w-grid-item-anchor\" aria-label=\"A los 18 meses\"><\/a>\r\n\t\t\t\t\t\t<div class=\"w-post-elm post_image usg_post_image_1 has_ratio\"><img loading=\"lazy\" decoding=\"async\" width=\"600\" height=\"300\" src=\"https:\/\/www.gossalba.com\/wp-content\/uploads\/2016\/12\/agroturisme-gossalba-mallorca-reforma-3-600x300.jpg\" class=\"attachment-us_600_600_crop size-us_600_600_crop\" alt=\"\" \/><div style=\"padding-bottom:100%\"><\/div><\/div><div class=\"w-vwrapper usg_vwrapper_1 align_center valign_top\"><div class=\"w-post-elm post_content usg_post_content_1\"><p>A los 18 meses<\/p>\n<\/div><div class=\"w-post-elm post_title usg_post_title_1 hide_if_not_first entry-title color_link_inherit\">agroturisme-gossalba-mallorca-reforma-3<\/div><\/div>\t\t<\/div>\r\n\t\t\t<\/article>\r\n<\/div>\t<div class=\"w-grid-preloader\">\r\n\t\t<div class=\"g-preloader type_1\">\r\n\t\t\t<div><\/div>\r\n\t\t<\/div>\r\n\t<\/div>\r\n\t\t<div class=\"w-grid-json hidden\" onclick='return {&quot;action&quot;:&quot;us_ajax_grid&quot;,&quot;infinite_scroll&quot;:0,&quot;max_num_pages&quot;:1,&quot;pagination&quot;:&quot;none&quot;,&quot;template_vars&quot;:{&quot;columns&quot;:&quot;3&quot;,&quot;exclude_items&quot;:&quot;none&quot;,&quot;img_size&quot;:&quot;us_600_600_crop&quot;,&quot;ignore_items_size&quot;:0,&quot;items_layout&quot;:&quot;gallery_with_titles_below&quot;,&quot;items_offset&quot;:&quot;1&quot;,&quot;load_animation&quot;:&quot;none&quot;,&quot;overriding_link&quot;:&quot;%7B%22type%22%3A%22popup_image%22%7D&quot;,&quot;post_id&quot;:0,&quot;query_args&quot;:{&quot;post_type&quot;:[&quot;attachment&quot;],&quot;post__in&quot;:[&quot;6651&quot;,&quot;6649&quot;,&quot;6583&quot;,&quot;6652&quot;,&quot;6650&quot;,&quot;6653&quot;,&quot;6582&quot;,&quot;6584&quot;,&quot;6572&quot;],&quot;post_status&quot;:&quot;inherit&quot;,&quot;post_mime_type&quot;:&quot;image&quot;,&quot;posts_per_page&quot;:999},&quot;orderby_query_args&quot;:{&quot;orderby&quot;:{&quot;post__in&quot;:&quot;ASC&quot;},&quot;order&quot;:&quot;ASC&quot;},&quot;type&quot;:&quot;grid&quot;,&quot;us_grid_post_type&quot;:&quot;attachment&quot;,&quot;us_grid_ajax_index&quot;:1,&quot;us_grid_filter_query_string&quot;:null,&quot;us_grid_index&quot;:1,&quot;page_args&quot;:[],&quot;lang&quot;:&quot;es&quot;}}'><\/div>\r\n\t<\/div><\/div><\/div><\/div><\/div><\/div><\/div><\/div><\/section><section class=\"l-section wpb_row height_auto\"><div class=\"l-section-h i-cf\"><div class=\"g-cols vc_row via_grid cols_1 laptops-cols_inherit tablets-cols_inherit mobiles-cols_1 valign_top type_default stacking_default\"><div class=\"wpb_column vc_column_container\"><div class=\"vc_column-inner\"><div class=\"wpb_text_column\"><div class=\"wpb_wrapper\"><h2>Reportaje IB3<\/h2>\n<div style=\"width: 640px;\" class=\"wp-video\"><video class=\"wp-video-shortcode\" id=\"video-6951-1\" width=\"640\" height=\"360\" poster=\"https:\/\/www.gossalba.com\/wp-content\/uploads\/2022\/06\/oli-oliva-mallorca-gossalba-ib3-poster.jpg\" preload=\"metadata\" controls=\"controls\"><source type=\"video\/mp4\" src=\"https:\/\/www.gossalba.com\/wp-content\/uploads\/2022\/06\/oli-oliva-mallorca-gossalba-ib3.mp4?_=1\" \/><a href=\"https:\/\/www.gossalba.com\/wp-content\/uploads\/2022\/06\/oli-oliva-mallorca-gossalba-ib3.mp4\">https:\/\/www.gossalba.com\/wp-content\/uploads\/2022\/06\/oli-oliva-mallorca-gossalba-ib3.mp4<\/a><\/video><\/div>\n<\/div><\/div><div class=\"w-separator size_large\"><\/div><\/div><\/div><\/div><\/div><\/section>\n","protected":false},"excerpt":{"rendered":"","protected":false},"author":1,"featured_media":8274,"parent":0,"menu_order":0,"comment_status":"closed","ping_status":"closed","template":"","meta":{"footnotes":""},"class_list":["post-8735","page","type-page","status-publish","has-post-thumbnail","hentry"],"_links":{"self":[{"href":"https:\/\/www.gossalba.com\/es\/wp-json\/wp\/v2\/pages\/8735","targetHints":{"allow":["GET"]}}],"collection":[{"href":"https:\/\/www.gossalba.com\/es\/wp-json\/wp\/v2\/pages"}],"about":[{"href":"https:\/\/www.gossalba.com\/es\/wp-json\/wp\/v2\/types\/page"}],"author":[{"embeddable":true,"href":"https:\/\/www.gossalba.com\/es\/wp-json\/wp\/v2\/users\/1"}],"replies":[{"embeddable":true,"href":"https:\/\/www.gossalba.com\/es\/wp-json\/wp\/v2\/comments?post=8735"}],"version-history":[{"count":4,"href":"https:\/\/www.gossalba.com\/es\/wp-json\/wp\/v2\/pages\/8735\/revisions"}],"predecessor-version":[{"id":8800,"href":"https:\/\/www.gossalba.com\/es\/wp-json\/wp\/v2\/pages\/8735\/revisions\/8800"}],"wp:featuredmedia":[{"embeddable":true,"href":"https:\/\/www.gossalba.com\/es\/wp-json\/wp\/v2\/media\/8274"}],"wp:attachment":[{"href":"https:\/\/www.gossalba.com\/es\/wp-json\/wp\/v2\/media?parent=8735"}],"curies":[{"name":"wp","href":"https:\/\/api.w.org\/{rel}","templated":true}]}}