{"id":8720,"date":"2022-06-09T17:41:52","date_gmt":"2022-06-09T16:41:52","guid":{"rendered":"https:\/\/www.gossalba.com\/oli-ecologic\/"},"modified":"2025-12-15T18:47:17","modified_gmt":"2025-12-15T17:47:17","slug":"aceite","status":"publish","type":"page","link":"https:\/\/www.gossalba.com\/es\/aceite\/","title":{"rendered":"Aceite"},"content":{"rendered":"<section class=\"l-section wpb_row height_medium\"><div class=\"l-section-h i-cf\"><div class=\"g-cols vc_row via_grid cols_2-1 laptops-cols_inherit tablets-cols_inherit mobiles-cols_1 valign_top type_default stacking_default\"><div class=\"wpb_column vc_column_container\"><div class=\"vc_column-inner\"><div class=\"wpb_text_column\"><div class=\"wpb_wrapper\"><h1>Aceite de oliva virgen extra, de KM 0, DO Oli de Mallorca<\/h1>\n<\/div><\/div><div class=\"wpb_text_column\"><div class=\"wpb_wrapper\"><p>Recogemos el fruto normalmente entre finales de Octubre y principios de Noviembre, cuando ya no son verdes pero tampoco han acabado todav\u00eda de madurar, y aunque el rendimiento es menor, el resultado es un zumo de aceituna excepcional.<\/p>\n<p>Cada d\u00eda, pocas horas despu\u00e9s, las aceitunas pasan en la almazara y son sometidas a un sofisticado sistema de extracci\u00f3n de aceite en fr\u00edo, todo ello r\u00e1pidamente para que no pierdan ninguna de sus caracter\u00edsticas organol\u00e9pticas, sobre todo los polifenoles.<\/p>\n<p>El aceite se conserva un tiempo en dep\u00f3sitos de acero inoxidable, a temperatura controlada, hasta que es envasado y distribuido para su consumo como Aceite de Oliva Virgen Extra.<\/p>\n<p>El aceite de Gossalba es un cupaje de los tres tipos de aceituna sembrados en la finca, con el sello de la Denominaci\u00f3n de Origen Oli de Mallorca y una calidad excelente.<\/p>\n<p>Es un aceite afrutado, con aromas de almendra, manzana y frutos secos, con notas de hierba y pl\u00e1tano. En boca se presenta suavemente amargo y picante.<\/p>\n<\/div><\/div><\/div><\/div><div class=\"wpb_column vc_column_container\"><div class=\"vc_column-inner\"><div class=\"w-image us_custom_7605acb8 align_center\"><div class=\"w-image-h\"><img decoding=\"async\" width=\"774\" height=\"772\" src=\"https:\/\/www.gossalba.com\/wp-content\/uploads\/2025\/12\/estrella-sensorial-2025.png\" class=\"attachment-full size-full\" alt=\"\" loading=\"lazy\" srcset=\"https:\/\/www.gossalba.com\/wp-content\/uploads\/2025\/12\/estrella-sensorial-2025.png 774w, https:\/\/www.gossalba.com\/wp-content\/uploads\/2025\/12\/estrella-sensorial-2025-300x300.png 300w, https:\/\/www.gossalba.com\/wp-content\/uploads\/2025\/12\/estrella-sensorial-2025-150x150.png 150w, https:\/\/www.gossalba.com\/wp-content\/uploads\/2025\/12\/estrella-sensorial-2025-350x350.png 350w, https:\/\/www.gossalba.com\/wp-content\/uploads\/2025\/12\/estrella-sensorial-2025-600x598.png 600w, https:\/\/www.gossalba.com\/wp-content\/uploads\/2025\/12\/estrella-sensorial-2025-768x766.png 768w\" sizes=\"auto, (max-width: 774px) 100vw, 774px\" \/><\/div><\/div><div class=\"w-separator size_medium\"><\/div><div class=\"w-hwrapper us_custom_3718e231 valign_top align_none\" style=\"--hwrapper-gap:60px\"><div class=\"w-image align_none\"><div class=\"w-image-h\"><img decoding=\"async\" width=\"600\" src=\"https:\/\/www.gossalba.com\/wp-content\/uploads\/2025\/12\/logo-color-DO.svg\" class=\"attachment-us_600_0 size-us_600_0\" alt=\"\" loading=\"lazy\" \/><\/div><\/div><div class=\"w-image us_custom_3718e231 align_center\"><div class=\"w-image-h\"><img decoding=\"async\" width=\"600\" height=\"601\" src=\"https:\/\/www.gossalba.com\/wp-content\/uploads\/2025\/12\/logos-denominacio-origen-catala-2025-600x601.png\" class=\"attachment-us_600_0 size-us_600_0\" alt=\"\" loading=\"lazy\" srcset=\"https:\/\/www.gossalba.com\/wp-content\/uploads\/2025\/12\/logos-denominacio-origen-catala-2025-600x601.png 600w, https:\/\/www.gossalba.com\/wp-content\/uploads\/2025\/12\/logos-denominacio-origen-catala-2025-300x300.png 300w, https:\/\/www.gossalba.com\/wp-content\/uploads\/2025\/12\/logos-denominacio-origen-catala-2025-1022x1024.png 1022w, https:\/\/www.gossalba.com\/wp-content\/uploads\/2025\/12\/logos-denominacio-origen-catala-2025-150x150.png 150w, https:\/\/www.gossalba.com\/wp-content\/uploads\/2025\/12\/logos-denominacio-origen-catala-2025-350x350.png 350w, https:\/\/www.gossalba.com\/wp-content\/uploads\/2025\/12\/logos-denominacio-origen-catala-2025-768x770.png 768w, https:\/\/www.gossalba.com\/wp-content\/uploads\/2025\/12\/logos-denominacio-origen-catala-2025.png 1307w\" sizes=\"auto, (max-width: 600px) 100vw, 600px\" \/><\/div><\/div><\/div><\/div><\/div><\/div><\/div><\/section>\n","protected":false},"excerpt":{"rendered":"Aceite de oliva virgen extra, de KM 0, DO Oli de Mallorca Recogemos el fruto normalmente entre finales de Octubre y principios de Noviembre, cuando ya no son verdes pero tampoco han acabado todav\u00eda de madurar, y aunque el rendimiento es menor, el resultado es un zumo de aceituna excepcional. Cada d\u00eda, pocas horas despu\u00e9s,...","protected":false},"author":1,"featured_media":7744,"parent":0,"menu_order":0,"comment_status":"closed","ping_status":"closed","template":"","meta":{"footnotes":""},"class_list":["post-8720","page","type-page","status-publish","has-post-thumbnail","hentry"],"_links":{"self":[{"href":"https:\/\/www.gossalba.com\/es\/wp-json\/wp\/v2\/pages\/8720","targetHints":{"allow":["GET"]}}],"collection":[{"href":"https:\/\/www.gossalba.com\/es\/wp-json\/wp\/v2\/pages"}],"about":[{"href":"https:\/\/www.gossalba.com\/es\/wp-json\/wp\/v2\/types\/page"}],"author":[{"embeddable":true,"href":"https:\/\/www.gossalba.com\/es\/wp-json\/wp\/v2\/users\/1"}],"replies":[{"embeddable":true,"href":"https:\/\/www.gossalba.com\/es\/wp-json\/wp\/v2\/comments?post=8720"}],"version-history":[{"count":7,"href":"https:\/\/www.gossalba.com\/es\/wp-json\/wp\/v2\/pages\/8720\/revisions"}],"predecessor-version":[{"id":9221,"href":"https:\/\/www.gossalba.com\/es\/wp-json\/wp\/v2\/pages\/8720\/revisions\/9221"}],"wp:featuredmedia":[{"embeddable":true,"href":"https:\/\/www.gossalba.com\/es\/wp-json\/wp\/v2\/media\/7744"}],"wp:attachment":[{"href":"https:\/\/www.gossalba.com\/es\/wp-json\/wp\/v2\/media?parent=8720"}],"curies":[{"name":"wp","href":"https:\/\/api.w.org\/{rel}","templated":true}]}}