{"id":8703,"date":"2022-06-09T16:13:42","date_gmt":"2022-06-09T15:13:42","guid":{"rendered":"https:\/\/www.gossalba.com\/botiga-oli\/"},"modified":"2026-02-16T08:43:32","modified_gmt":"2026-02-16T07:43:32","slug":"tienda-de-aceite","status":"publish","type":"page","link":"https:\/\/www.gossalba.com\/es\/","title":{"rendered":"Aceite de Sant Joan"},"content":{"rendered":"<section class=\"l-section wpb_row height_small\"><div class=\"l-section-h i-cf\"><div class=\"g-cols vc_row via_grid cols_2 laptops-cols_inherit tablets-cols_inherit mobiles-cols_1 valign_top type_default stacking_default\"><div class=\"wpb_column vc_column_container\"><div class=\"vc_column-inner\"><div class=\"wpb_text_column us_custom_d681ae47\"><div class=\"wpb_wrapper\"><p>Aceite de oliva virgen extra, de KM 0, DO Aceite de Mallorca<\/p>\n<\/div><\/div><\/div><\/div><div class=\"wpb_column vc_column_container\"><div class=\"vc_column-inner\"><div class=\"wpb_text_column\"><div class=\"wpb_wrapper\"><p>Gossalba es una posesi\u00f3n hist\u00f3rica situada en el t\u00e9rmino municipal de Sant Joan, en el coraz\u00f3n del Pla de Mallorca. Actualmente, la actividad principal de la finca se centra en la producci\u00f3n de aceite de oliva virgen extra (AOVE), con la prestigiosa Denominaci\u00f3n de Origen Oli de Mallorca. Con un extenso olivar que abarca aproximadamente 2.000 olivos, Gossalba se ha consolidado como un referente tanto agr\u00edcola como de respeto por la naturaleza en toda la zona. El conjunto arquitect\u00f3nico incluye la posesi\u00f3n del siglo XVIII, de estilo tradicional mallorqu\u00edn, donde se ubica el <a href=\"https:\/\/www.gossalba.com\/agroturisme\/\">Agroturismo Gossalba<\/a> (<span>cerrado temporalmente todo el 2026 por obras de reacondicionamiento).<\/span><\/p>\n<\/div><\/div><\/div><\/div><\/div><\/div><\/section><section class=\"l-section wpb_row customportfolio height_medium\"><div class=\"l-section-h i-cf\"><div class=\"g-cols vc_row via_grid cols_1 laptops-cols_inherit tablets-cols_inherit mobiles-cols_1 valign_top type_default stacking_default\"><div class=\"wpb_column vc_column_container\"><div class=\"vc_column-inner\"><div class=\"w-grid us_grid type_grid layout_8577 cols_2 preload_style_spinner ratio_4x3\" id=\"us_grid_1\" style=\"--columns:2;--gap:1.5rem;--item-ratio:0.75;\"><style>@media (max-width:600px){#us_grid_1{--columns:1!important}}.layout_8577 .w-grid-item-h{}.layout_8577 .usg_post_image_1{transition-duration:0.3s;transform-origin:50% 50%;transform:scale(1) translate(0,0)}.layout_8577 .w-grid-item-h:focus-within .usg_post_image_1,.layout_8577 .w-grid-item-h:hover .usg_post_image_1{transform:scale(1.1) translate(0,0);opacity:1}.layout_8577 .usg_post_image_1{position:absolute!important;top:0!important;right:0!important;bottom:0!important;left:0!important}.layout_8577 .usg_post_title_1{color:inherit!important;font-size:1.2rem!important}.layout_8577 .usg_vwrapper_1{color:var(--color-content-heading)!important;position:absolute!important;left:0!important;bottom:0!important;right:0!important;background:var(--color-content-bg)!important;padding:0.5rem 00.5rem 0.5rem 0.5rem!important}@media (max-width:600px){.layout_8577 .usg_post_title_1{font-size:1.2rem!important}}<\/style><div class=\"w-grid-list\">\t<article class=\"w-grid-item size_1x1 post-8735 page type-page status-publish has-post-thumbnail hentry\" data-id=\"8735\">\r\n\t\t<div class=\"w-grid-item-h\">\r\n\t\t\t\t\t\t\t<a href=\"https:\/\/www.gossalba.com\/es\/el-olivar\/\" class=\"w-grid-item-anchor\" aria-label=\"El olivar\"><\/a>\r\n\t\t\t\t\t\t<div class=\"w-post-elm post_image usg_post_image_1 stretched\"><img loading=\"lazy\" decoding=\"async\" width=\"686\" height=\"1024\" src=\"https:\/\/www.gossalba.com\/wp-content\/uploads\/2018\/11\/IMG_0096-1-686x1024.jpg\" class=\"attachment-large size-large wp-post-image\" alt=\"\" srcset=\"https:\/\/www.gossalba.com\/wp-content\/uploads\/2018\/11\/IMG_0096-1-686x1024.jpg 686w, https:\/\/www.gossalba.com\/wp-content\/uploads\/2018\/11\/IMG_0096-1-600x896.jpg 600w, https:\/\/www.gossalba.com\/wp-content\/uploads\/2018\/11\/IMG_0096-1-201x300.jpg 201w, https:\/\/www.gossalba.com\/wp-content\/uploads\/2018\/11\/IMG_0096-1-768x1147.jpg 768w, https:\/\/www.gossalba.com\/wp-content\/uploads\/2018\/11\/IMG_0096-1.jpg 1232w\" sizes=\"auto, (max-width: 686px) 100vw, 686px\" \/><\/div><div class=\"w-vwrapper usg_vwrapper_1 grid_arrow_top has_text_color align_none valign_top\" style=\"--vwrapper-gap:1.7rem\"><h2 class=\"w-post-elm post_title usg_post_title_1 has_text_color align_center entry-title color_link_inherit\">El olivar<\/h2><\/div>\t\t<\/div>\r\n\t\t\t<\/article>\r\n\t<article class=\"w-grid-item size_1x1 post-8720 page type-page status-publish has-post-thumbnail hentry\" data-id=\"8720\">\r\n\t\t<div class=\"w-grid-item-h\">\r\n\t\t\t\t\t\t\t<a href=\"https:\/\/www.gossalba.com\/es\/aceite\/\" class=\"w-grid-item-anchor\" aria-label=\"Aceite\"><\/a>\r\n\t\t\t\t\t\t<div class=\"w-post-elm post_image usg_post_image_1 stretched\"><img loading=\"lazy\" decoding=\"async\" width=\"819\" height=\"1024\" src=\"https:\/\/www.gossalba.com\/wp-content\/uploads\/2018\/11\/gossalba-piscina-olivera-819x1024.jpg\" class=\"attachment-large size-large wp-post-image\" alt=\"\" srcset=\"https:\/\/www.gossalba.com\/wp-content\/uploads\/2018\/11\/gossalba-piscina-olivera-819x1024.jpg 819w, https:\/\/www.gossalba.com\/wp-content\/uploads\/2018\/11\/gossalba-piscina-olivera-600x750.jpg 600w, https:\/\/www.gossalba.com\/wp-content\/uploads\/2018\/11\/gossalba-piscina-olivera-240x300.jpg 240w, https:\/\/www.gossalba.com\/wp-content\/uploads\/2018\/11\/gossalba-piscina-olivera-768x960.jpg 768w, https:\/\/www.gossalba.com\/wp-content\/uploads\/2018\/11\/gossalba-piscina-olivera.jpg 1080w\" sizes=\"auto, (max-width: 819px) 100vw, 819px\" \/><\/div><div class=\"w-vwrapper usg_vwrapper_1 grid_arrow_top has_text_color align_none valign_top\" style=\"--vwrapper-gap:1.7rem\"><h2 class=\"w-post-elm post_title usg_post_title_1 has_text_color align_center entry-title color_link_inherit\">Aceite<\/h2><\/div>\t\t<\/div>\r\n\t\t\t<\/article>\r\n\t<article class=\"w-grid-item size_1x1 post-8694 page type-page status-publish has-post-thumbnail hentry\" data-id=\"8694\">\r\n\t\t<div class=\"w-grid-item-h\">\r\n\t\t\t\t\t\t\t<a href=\"https:\/\/www.gossalba.com\/es\/tienda\/\" class=\"w-grid-item-anchor\" aria-label=\"Tienda\"><\/a>\r\n\t\t\t\t\t\t<div class=\"w-post-elm post_image usg_post_image_1 stretched\"><img loading=\"lazy\" decoding=\"async\" width=\"683\" height=\"1024\" src=\"https:\/\/www.gossalba.com\/wp-content\/uploads\/2026\/01\/botella-oli-500ml-gossalba-2026-683x1024.jpg\" class=\"attachment-large size-large wp-post-image\" alt=\"\" srcset=\"https:\/\/www.gossalba.com\/wp-content\/uploads\/2026\/01\/botella-oli-500ml-gossalba-2026-683x1024.jpg 683w, https:\/\/www.gossalba.com\/wp-content\/uploads\/2026\/01\/botella-oli-500ml-gossalba-2026-200x300.jpg 200w, https:\/\/www.gossalba.com\/wp-content\/uploads\/2026\/01\/botella-oli-500ml-gossalba-2026-600x900.jpg 600w, https:\/\/www.gossalba.com\/wp-content\/uploads\/2026\/01\/botella-oli-500ml-gossalba-2026-768x1152.jpg 768w, https:\/\/www.gossalba.com\/wp-content\/uploads\/2026\/01\/botella-oli-500ml-gossalba-2026.jpg 1280w\" sizes=\"auto, (max-width: 683px) 100vw, 683px\" \/><\/div><div class=\"w-vwrapper usg_vwrapper_1 grid_arrow_top has_text_color align_none valign_top\" style=\"--vwrapper-gap:1.7rem\"><h2 class=\"w-post-elm post_title usg_post_title_1 has_text_color align_center entry-title color_link_inherit\">Tienda<\/h2><\/div>\t\t<\/div>\r\n\t\t\t<\/article>\r\n\t<article class=\"w-grid-item size_1x1 post-7066 page type-page status-publish has-post-thumbnail hentry\" data-id=\"7066\">\r\n\t\t<div class=\"w-grid-item-h\">\r\n\t\t\t\t\t\t\t<a href=\"https:\/\/www.gossalba.com\/es\/contacto\/\" class=\"w-grid-item-anchor\" aria-label=\"Contacto\"><\/a>\r\n\t\t\t\t\t\t<div class=\"w-post-elm post_image usg_post_image_1 stretched\"><img loading=\"lazy\" decoding=\"async\" width=\"1024\" height=\"512\" src=\"https:\/\/www.gossalba.com\/wp-content\/uploads\/2016\/12\/agroturisme-gossalba-sant-joan-serveis-3-1024x512.jpg\" class=\"attachment-large size-large wp-post-image\" alt=\"\" srcset=\"https:\/\/www.gossalba.com\/wp-content\/uploads\/2016\/12\/agroturisme-gossalba-sant-joan-serveis-3-1024x512.jpg 1024w, https:\/\/www.gossalba.com\/wp-content\/uploads\/2016\/12\/agroturisme-gossalba-sant-joan-serveis-3-600x300.jpg 600w, https:\/\/www.gossalba.com\/wp-content\/uploads\/2016\/12\/agroturisme-gossalba-sant-joan-serveis-3-300x150.jpg 300w, https:\/\/www.gossalba.com\/wp-content\/uploads\/2016\/12\/agroturisme-gossalba-sant-joan-serveis-3-768x384.jpg 768w, https:\/\/www.gossalba.com\/wp-content\/uploads\/2016\/12\/agroturisme-gossalba-sant-joan-serveis-3.jpg 1440w\" sizes=\"auto, (max-width: 1024px) 100vw, 1024px\" \/><\/div><div class=\"w-vwrapper usg_vwrapper_1 grid_arrow_top has_text_color align_none valign_top\" style=\"--vwrapper-gap:1.7rem\"><h2 class=\"w-post-elm post_title usg_post_title_1 has_text_color align_center entry-title color_link_inherit\">Contacto<\/h2><\/div>\t\t<\/div>\r\n\t\t\t<\/article>\r\n<\/div>\t<div class=\"w-grid-preloader\">\r\n\t\t<div class=\"g-preloader type_1\">\r\n\t\t\t<div><\/div>\r\n\t\t<\/div>\r\n\t<\/div>\r\n\t\t<div class=\"w-grid-json hidden\" onclick='return {&quot;action&quot;:&quot;us_ajax_grid&quot;,&quot;infinite_scroll&quot;:0,&quot;max_num_pages&quot;:1,&quot;pagination&quot;:&quot;none&quot;,&quot;template_vars&quot;:{&quot;columns&quot;:&quot;2&quot;,&quot;exclude_items&quot;:&quot;none&quot;,&quot;img_size&quot;:&quot;default&quot;,&quot;ignore_items_size&quot;:0,&quot;items_layout&quot;:&quot;8577&quot;,&quot;items_offset&quot;:&quot;1&quot;,&quot;load_animation&quot;:&quot;none&quot;,&quot;overriding_link&quot;:&quot;%7B%22type%22%3A%22post%22%7D&quot;,&quot;post_id&quot;:0,&quot;query_args&quot;:{&quot;ignore_sticky_posts&quot;:1,&quot;post_type&quot;:&quot;any&quot;,&quot;post__in&quot;:[&quot;6612&quot;,&quot;8593&quot;,&quot;8669&quot;,&quot;8644&quot;],&quot;tax_query&quot;:[{&quot;taxonomy&quot;:&quot;product_visibility&quot;,&quot;field&quot;:&quot;slug&quot;,&quot;terms&quot;:[&quot;exclude-from-catalog&quot;],&quot;operator&quot;:&quot;NOT IN&quot;}],&quot;posts_per_page&quot;:999},&quot;orderby_query_args&quot;:{&quot;orderby&quot;:{&quot;post__in&quot;:&quot;DESC&quot;},&quot;order&quot;:&quot;DESC&quot;},&quot;type&quot;:&quot;grid&quot;,&quot;us_grid_post_type&quot;:&quot;ids&quot;,&quot;us_grid_ajax_index&quot;:1,&quot;us_grid_filter_query_string&quot;:null,&quot;us_grid_index&quot;:1,&quot;page_args&quot;:[],&quot;lang&quot;:&quot;es&quot;}}'><\/div>\r\n\t<\/div><\/div><\/div><\/div><\/div><\/section>\n","protected":false},"excerpt":{"rendered":"Contacto Tel\u00e9fono: (+34) 633 37 74 80 Email: info@gossalba.com Web: https:\/\/\/www.gossalba.com Direcci\u00f3n: Carretera MA-3232 (Sant Joan-Sineu) km 0,4 07240 SANT JOAN \u2013 Mallorca \u2013 Illes Balears Redes sociales: Instagram","protected":false},"author":1,"featured_media":0,"parent":0,"menu_order":0,"comment_status":"closed","ping_status":"closed","template":"","meta":{"footnotes":""},"class_list":["post-8703","page","type-page","status-publish","hentry"],"_links":{"self":[{"href":"https:\/\/www.gossalba.com\/es\/wp-json\/wp\/v2\/pages\/8703","targetHints":{"allow":["GET"]}}],"collection":[{"href":"https:\/\/www.gossalba.com\/es\/wp-json\/wp\/v2\/pages"}],"about":[{"href":"https:\/\/www.gossalba.com\/es\/wp-json\/wp\/v2\/types\/page"}],"author":[{"embeddable":true,"href":"https:\/\/www.gossalba.com\/es\/wp-json\/wp\/v2\/users\/1"}],"replies":[{"embeddable":true,"href":"https:\/\/www.gossalba.com\/es\/wp-json\/wp\/v2\/comments?post=8703"}],"version-history":[{"count":9,"href":"https:\/\/www.gossalba.com\/es\/wp-json\/wp\/v2\/pages\/8703\/revisions"}],"predecessor-version":[{"id":9310,"href":"https:\/\/www.gossalba.com\/es\/wp-json\/wp\/v2\/pages\/8703\/revisions\/9310"}],"wp:attachment":[{"href":"https:\/\/www.gossalba.com\/es\/wp-json\/wp\/v2\/media?parent=8703"}],"curies":[{"name":"wp","href":"https:\/\/api.w.org\/{rel}","templated":true}]}}