{"id":7217,"date":"2018-05-27T16:43:20","date_gmt":"2018-05-27T15:43:20","guid":{"rendered":"https:\/\/www.gossalba.com\/informacio-legal\/"},"modified":"2024-11-15T08:59:48","modified_gmt":"2024-11-15T07:59:48","slug":"informacion-legal","status":"publish","type":"page","link":"https:\/\/www.gossalba.com\/es\/informacion-legal\/","title":{"rendered":"Informaci\u00f3n legal"},"content":{"rendered":"<section class=\"l-section wpb_row height_medium\"><div class=\"l-section-h i-cf\"><div class=\"g-cols vc_row via_grid cols_1 laptops-cols_inherit tablets-cols_inherit mobiles-cols_1 valign_top type_default stacking_default\"><div class=\"wpb_column vc_column_container\"><div class=\"vc_column-inner\"><div class=\"wpb_text_column\"><div class=\"wpb_wrapper\"><h1>Informaci\u00f3n legal<\/h1>\n<p>La empresa Titular del sitio Web es AGROTURISME GOSSALBA, S.L. con CIF B72528540 y con domicilio en Carretera MA-3232 (Sant Joan-Sineu) km 0,4<br \/>\n07240 SANT JOAN \u2013 Mallorca \u2013 Illes Balears.<\/p>\n<p><strong>Datos de inscripci\u00f3n en el Registro<\/strong><\/p>\n<ul>\n<li>Registro Mercantil de Baleares, tomo 2970, folio 38, inscripci\u00f3n 1 con hoja PM-94920 y n\u00famero de registro hotelero: AG\/342.<\/li>\n<\/ul>\n<ol>\n<li><strong>NORMATIVAS VINCULADAS<\/strong><\/li>\n<\/ol>\n<p>El presente Aviso Legal est\u00e1 sujeto a lo dispuesto en la Ley Org\u00e1nica 03\/2018, de 05 de diciembre, Reglamento UE 2016\/679 del Parlamento Europeo y del Consejo de 27 de abril de 2016 relativo a la protecci\u00f3n de las personas f\u00edsicas en lo que respecta al tratamiento de datos personales y a la Ley 34\/2002 de 11 de julio, de Servicios de la Sociedad de la Informaci\u00f3n y de Comercio Electr\u00f3nico, Ley 9\/2014, de 9 de mayo, disposici\u00f3n final segunda por el que modifica los art\u00edculos 10,18,20,21,22,35,37,38,39,40 y 43 de la Ley 34\/2002 de 11 de julio, Real Decreto Ley 7\/2021 por el que se modifican y a\u00f1aden art\u00edculos a la Ley para la defensa de Consumidores y Usuarios y el Real Decreto-ley 13\/2012, de 30 de marzo, por el que se transponen directivas en materia de mercados interiores de electricidad y gas y en materia de comunicaciones electr\u00f3nicas, y por el que se adoptan medidas para la correcci\u00f3n de las desviaciones por desajustes entre los costes e ingresos de los sectores el\u00e9ctrico y gasista, as\u00ed como cualquier normativa posterior que las modifican o desarrollan.<\/p>\n<ol start=\"2\">\n<li><strong>USUARIOS<\/strong><\/li>\n<\/ol>\n<p>El acceso y\/o uso de este sitio Web le atribuye la condici\u00f3n de USUARIO, que debe aceptar las Condiciones Generales de Uso y de la Pol\u00edtica de Privacidad aqu\u00ed reflejadas. Cualquier persona que no acepte estas condiciones deber\u00e1 abstenerse de utilizar el Sitio Web. Las citadas Condiciones ser\u00e1n de aplicaci\u00f3n independientemente de las Condiciones Generales de Contrataci\u00f3n que en su caso resulten de obligado cumplimiento.<\/p>\n<ol start=\"3\">\n<li><strong>USO DEL SITIO WEB<\/strong><\/li>\n<\/ol>\n<p>El acceso y uso del sitio Web y todos los subdominios y directorios incluidos bajo la misma, as\u00ed como los servicios o contenidos que a trav\u00e9s de \u00e9l se puedan obtener bajo su titularidad, est\u00e1n sujetos a los t\u00e9rminos que se detallan en este Aviso Legal, sin perjuicio de que el acceso a alguno de dichos servicios o contenidos pudieran precisar de la aceptaci\u00f3n de unas Condiciones Generales particulares adicionales.<\/p>\n<p>Por ello, si las consideraciones detalladas en este Aviso Legal no son de su conformidad, rogamos no haga uso del Sitio Web, ya que cualquier uso que haga del mismo o de los servicios y contenidos en \u00e9l incluidos implicar\u00e1 la aceptaci\u00f3n de los t\u00e9rminos legales recogidos en este texto.<\/p>\n<ol start=\"4\">\n<li><strong>DERECHOS DE PROPIEDAD INTELECTUAL E INDUSTRIAL<\/strong><\/li>\n<\/ol>\n<p>Tanto el dise\u00f1o de sitio Web de su titularidad y sus c\u00f3digos fuente, como los logos, marcas, y dem\u00e1s signos distintivos que aparecen en el mismo, pertenecen a La empresa Titular o entidades colaboradoras y est\u00e1n protegidos por los correspondientes derechos de propiedad intelectual e industrial. Igualmente est\u00e1n protegidos por los correspondientes derechos de propiedad intelectual e industrial las im\u00e1genes y dem\u00e1s contenidos incluidos en el servidor.<\/p>\n<p>Su uso, reproducci\u00f3n, distribuci\u00f3n, comunicaci\u00f3n p\u00fablica, modificaci\u00f3n o cualquier otra actividad similar o an\u00e1loga, queda totalmente prohibida salvo con la autorizaci\u00f3n expresa del titular. La licencia de uso de cualquier contenido de este Sitio Web otorgada al Usuario se limita a la descarga por parte del Usuario de dicho contenido y el uso privado del mismo, siempre que los citados contenidos permanezcan \u00edntegros.<\/p>\n<p>La empresa Titular declara su respeto a los derechos de propiedad intelectual e industrial de terceros; por ello, si considera que este sitio pudiera estar violando sus derechos, rogamos se ponga en contacto.<\/p>\n<p>Los Usuarios que env\u00eden al Sitio Web comentarios y\/u opiniones a trav\u00e9s del correo electr\u00f3nico o cualquier otro medio, como por ejemplo en servicios como \u201cdeja tu comentario\u201d o blogs, en el caso de existir, dan autorizaci\u00f3n al Titular a la reproducci\u00f3n, comunicaci\u00f3n y cualquier derecho de explotaci\u00f3n sin limitaci\u00f3n territorial. Asimismo, puede eliminar el comentario y\/u opini\u00f3n en caso de considerarlo ofensivo.<\/p>\n<p>La empresa Titular no se hace responsable por la utilizaci\u00f3n que el Usuario realice de los servicios del Sitio Web, as\u00ed como de cualquier material que \u00e9l mismo incluya en el presente Sitio Web, que puedan infringir los derechos de propiedad intelectual o industrial o cualquier otro derecho de terceros.<\/p>\n<ol start=\"5\">\n<li><strong>EXCLUSI\u00d3N DE GARANT\u00cdAS Y RESPONSABILIDAD<\/strong><\/li>\n<\/ol>\n<p>La empresa Titular no se hace responsable, en ning\u00fan caso, de los da\u00f1os y perjuicios de cualquier naturaleza que pudieran ocasionar, a t\u00edtulo enunciativo, errores u omisiones en los contenidos, falta de disponibilidad del sitio Web o la transmisi\u00f3n de virus o programas maliciosos o lesivos en los contenidos, a pesar de haber adoptado todas las medidas tecnol\u00f3gicas necesarias para evitarlo.<\/p>\n<p>La empresa Titular puede proporcionarle, acceso a sitios web de terceros mediante enlaces. Estos enlaces a otros sitios web est\u00e1n fuera de control de La empresa Titular por lo que no se hace responsable del contenido, informaciones o servicios que pudieran aparecer.<\/p>\n<p>La empresa Titular tampoco se hace responsable de las infracciones realizadas por Usuarios de web que afecten a terceros.<\/p>\n<ol start=\"6\">\n<li><strong>MODIFICACIONES<\/strong><\/li>\n<\/ol>\n<p>La empresa Titular se reserva el derecho a realizar cambios en el Sitio Web\u00a0del que es titular sin previo aviso, con el objeto de actualizar, corregir, modificar, a\u00f1adir o eliminar los contenidos del sitio Web o de su dise\u00f1o. Los contenidos y servicios que ofrece el sitio Web se actualizan peri\u00f3dicamente. Debido a que la actualizaci\u00f3n de la informaci\u00f3n no es inmediata, le sugerimos que compruebe siempre la vigencia y exactitud de la informaci\u00f3n, servicios y contenidos recogidos en los mismos.<\/p>\n<ol start=\"7\">\n<li><strong>DERECHO DE EXCLUSI\u00d3N<\/strong><\/li>\n<\/ol>\n<p>La empresa Titular se reserva el derecho a denegar o retirar el acceso al sitio Web y\/o los servicios ofrecidos sin necesidad de preaviso, a instancia propia o de un tercero, a aquellos Usuarios que incumplan las presentes Condiciones Generales de Uso.<\/p>\n<ol start=\"8\">\n<li><strong>GENERALIDADES<\/strong><\/li>\n<\/ol>\n<p>La empresa Titular perseguir\u00e1 el incumplimiento de las presentes condiciones, as\u00ed como cualquier utilizaci\u00f3n indebida de su sitio Web ejerciendo todas las acciones civiles y penales que le puedan corresponder en derecho.<\/p>\n<ol start=\"9\">\n<li><strong>MODIFICACI\u00d3N DE LAS PRESENTES CONDICIONES Y DURACI\u00d3N<\/strong><\/li>\n<\/ol>\n<p>La empresa Titular podr\u00e1 modificar en cualquier momento las condiciones aqu\u00ed determinadas, siendo debidamente publicadas como aqu\u00ed aparecen. La vigencia de las citadas condiciones ir\u00e1 en funci\u00f3n de su exposici\u00f3n y estar\u00e1n vigentes hasta que sean modificadas por otras debidamente publicadas.<\/p>\n<p>Las condiciones y t\u00e9rminos que se recogen en el presente Aviso Legal pueden variar, por lo que le invitamos a que revise estos t\u00e9rminos cuando visite de nuevo el Sitio Web.<\/p>\n<ol start=\"10\">\n<li><strong>LEGISLACI\u00d3N APLICABLE Y JURISDICCI\u00d3N<\/strong><\/li>\n<\/ol>\n<p>La empresa Titular puede ejercer acciones legales de car\u00e1cter civil o penal contra cualquier persona que realice un uso indebido del Sitio Web.<\/p>\n<p>En caso de disputa o conflicto, as\u00ed como cualquier cuesti\u00f3n relacionada con los servicios ambas partes se someter\u00e1n a los jueces y tribunales de Palma de Mallorca.<\/p>\n<p>&nbsp;<\/p>\n<h1>Pol\u00edtica de privacidad<\/h1>\n<p><a href=\"https:\/\/www.gossalba.com\/\">https:\/\/www.gossalba.com\/<\/a> Es un dominio en Internet propiedad de:<\/p>\n<p>AGROTURISME GOSSALBA, S.L. con CIF B72528540 y con domicilio en Carretera MA-3232 (Sant Joan-Sineu) km 0,4<br \/>\n07240 SANT JOAN \u2013 Mallorca \u2013 Illes Balears.<\/p>\n<p>Conforme a lo dispuesto en el Reglamento (UE) 2016\/679 del Parlamento Europeo y del Consejo de 27 de abril, relativo a la protecci\u00f3n de datos de las personas f\u00edsicas en lo que respecta al tratamiento de datos personales y a la libre circulaci\u00f3n de los mismos y Ley Org\u00e1nica 3\/2018 de Protecci\u00f3n de Datos Personales y garant\u00eda de los derechos digitales detallamos la Pol\u00edtica de Privacidad.<\/p>\n<p>Nos reservamos la facultad de modificar la presente Pol\u00edtica de Privacidad para adaptarla a las novedades legislativas, jurisprudenciales o de interpretaci\u00f3n de la Agencia Espa\u00f1ola de Protecci\u00f3n de Datos. En este caso, se anunciar\u00e1 dichos cambios, indicando claramente y con la debida antelaci\u00f3n las modificaciones efectuadas, y solicitando, en caso de que sea necesario, la aceptaci\u00f3n de dichos cambios.<\/p>\n<p>El Usuario se compromete a que todos los datos facilitados por \u00e9l son ciertos y correctos.<\/p>\n<p>\u00bfQU\u00c9 TIPO DE DATOS VAMOS A UTILIZAR?<\/p>\n<p>Datos de car\u00e1cter identificativos, mail y n\u00famero de tarjeta de cr\u00e9dito.<\/p>\n<p>\u00bfCON QU\u00c9 FINALIDADES VAMOS A UTILIZAR LOS DATOS DEL USUARIO?<\/p>\n<ul>\n<li>En el caso de reservar, trataremos los datos recabados del formulario con el fin de poder prestar el servicio a los Usuarios.<\/li>\n<\/ul>\n<ul>\n<li>Para atender las consultas de los Usuarios que se pongan en contacto con nosotros a trav\u00e9s de los formularios de contacto.<\/li>\n<li>Para la gesti\u00f3n fiscal, contable y administrativa con el fin de poder gestionar el servicio que el Usuario que solicita y las obligaciones legales correspondientes que por el servicio prestado dan lugar.<\/li>\n<li>Al remitirnos el CV para procesos de selecci\u00f3n de personal.<\/li>\n<li>Si el Usuario acepta las cookies se recoger\u00e1n los datos como direcci\u00f3n IP, geolocalizaci\u00f3n, registro de utilizaci\u00f3n del servicio, sitios y h\u00e1bitos, con el fin de mejorar la calidad del servicio\/producto y con finalidad estad\u00edstica.<\/li>\n<\/ul>\n<p>\u00bfCU\u00c1LES SON LAS BASES LEG\u00cdTIMAS PARA EL TRATAMIENTO?<\/p>\n<p>Podemos tratar los datos personales del Usuario debido a un inter\u00e9s leg\u00edtimo, respecto al servicio y respecto al env\u00edo de comunicaciones.<\/p>\n<p>Cuando la base del tratamiento sea el consentimiento, solicitaremos la aceptaci\u00f3n como base leg\u00edtima para utilizar los datos. Teniendo en cuenta que el Usuario podr\u00e1 revocarlo en cualquier momento envi\u00e1ndonos un mensaje a <a href=\"mailto:info@gossalba.com\">info@gossalba.com<\/a><\/p>\n<p>\u00bfCU\u00c1NTO TIEMPO VAMOS A CONSERVAR LOS DATOS DEL USUARIO?<\/p>\n<p>Mantendremos los datos personales del Usuario en nuestros sistemas de informaci\u00f3n mientras sean necesarios, contin\u00fae la relaci\u00f3n como cliente y para dar cumplimiento a obligaciones legales.<\/p>\n<p>\u00bfA QUI\u00c9N PODEMOS COMUNICAR LOS DATOS DEL USUARIO?<\/p>\n<p>Los datos del Usuario no se ceder\u00e1n a terceros salvo en los casos en que exista una obligaci\u00f3n legal, nos autorice expresamente para ello y\/o cuando sea necesario para cumplir con el contrato acordado para prestar nuestros servicios.<\/p>\n<p>Para poder gestionar los servicios y\/o productos que nos solicite, en algunos casos, ser\u00e1 necesario ceder los datos a empresas del mismo grupo y\/o prestadores de servicios, con fines administrativos, almacenamiento o para dar soporte a la comunicaci\u00f3n.<\/p>\n<p>No est\u00e1n previstas las transferencias de datos fuera de la Uni\u00f3n Europea, excepto en los casos que el Usuario nos autorice expresamente para gestionar el servicio que ofrecemos.<\/p>\n<p>\u00bfC\u00d3MO PUEDE EL USUARIO EJERCER SUS DERECHOS?<\/p>\n<p>El Usuario puede ejercer sus derechos de acceso, rectificaci\u00f3n, oposici\u00f3n y supresi\u00f3n de sus datos, as\u00ed como solicitar la limitaci\u00f3n al siguiente mail: <a href=\"mailto:info@gossalba.com\">info@gossalba.com<\/a><\/p>\n<p>En los siguientes casos:<\/p>\n<ul>\n<li>Para rectificar los datos inexactos o, en su caso, solicitar su supresi\u00f3n (derecho al olvido) cuando, por ejemplo, haya retirado su consentimiento. En ese caso, \u00fanicamente los conservaremos para el ejercicio o la defensa de reclamaciones y\/o para el cumplimiento de una obligaci\u00f3n legal.<\/li>\n<li>Para solicitar la limitaci\u00f3n del tratamiento de los datos cuando, por ejemplo, los datos ya no sean necesarios para los fines que fueron recogidos.<\/li>\n<li>Para solicitar la portabilidad de los datos del Usuario en un formato automatizado que permita su copia, traslado y transmisi\u00f3n, cuando el tratamiento se efect\u00fae por medios automatizados.<\/li>\n<li>Adem\u00e1s, podr\u00e1 reclamar ante la Autoridad de Control (Agencia Espa\u00f1ola de Protecci\u00f3n de Datos <a href=\"http:\/\/www.agpd.es\">www.agpd.es<\/a> )<\/li>\n<\/ul>\n<p>\u00bfQU\u00c9 TIPO DE DATOS SON PRESCINDIBLES?<\/p>\n<p>Se comunicar\u00e1 el car\u00e1cter obligatorio en los formularios que haya en la web, con respecto a la recogida de algunos datos, mediante un (*) . La no cumplimentaci\u00f3n de dichos datos podr\u00e1 impedir prestar todos aquellos servicios vinculados a tales datos, liber\u00e1ndonos de toda responsabilidad por la no prestaci\u00f3n o prestaci\u00f3n incompleta de estos servicios.<\/p>\n<\/div><\/div><\/div><\/div><\/div><\/div><\/section>\n","protected":false},"excerpt":{"rendered":"Informaci\u00f3n legal La empresa Titular del sitio Web es AGROTURISME GOSSALBA, S.L. con CIF B72528540 y con domicilio en Carretera MA-3232 (Sant Joan-Sineu) km 0,4 07240 SANT JOAN \u2013 Mallorca \u2013 Illes Balears. Datos de inscripci\u00f3n en el Registro Registro Mercantil de Baleares, tomo 2970, folio 38, inscripci\u00f3n 1 con hoja PM-94920 y n\u00famero de...","protected":false},"author":1,"featured_media":0,"parent":0,"menu_order":0,"comment_status":"closed","ping_status":"closed","template":"","meta":{"footnotes":""},"class_list":["post-7217","page","type-page","status-publish","hentry"],"_links":{"self":[{"href":"https:\/\/www.gossalba.com\/es\/wp-json\/wp\/v2\/pages\/7217","targetHints":{"allow":["GET"]}}],"collection":[{"href":"https:\/\/www.gossalba.com\/es\/wp-json\/wp\/v2\/pages"}],"about":[{"href":"https:\/\/www.gossalba.com\/es\/wp-json\/wp\/v2\/types\/page"}],"author":[{"embeddable":true,"href":"https:\/\/www.gossalba.com\/es\/wp-json\/wp\/v2\/users\/1"}],"replies":[{"embeddable":true,"href":"https:\/\/www.gossalba.com\/es\/wp-json\/wp\/v2\/comments?post=7217"}],"version-history":[{"count":7,"href":"https:\/\/www.gossalba.com\/es\/wp-json\/wp\/v2\/pages\/7217\/revisions"}],"predecessor-version":[{"id":8898,"href":"https:\/\/www.gossalba.com\/es\/wp-json\/wp\/v2\/pages\/7217\/revisions\/8898"}],"wp:attachment":[{"href":"https:\/\/www.gossalba.com\/es\/wp-json\/wp\/v2\/media?parent=7217"}],"curies":[{"name":"wp","href":"https:\/\/api.w.org\/{rel}","templated":true}]}}